{"id":944,"date":"2017-11-01T08:56:55","date_gmt":"2017-11-01T08:56:55","guid":{"rendered":"https:\/\/promo-theme.com\/novo\/dark\/?page_id=944"},"modified":"2026-02-23T18:32:30","modified_gmt":"2026-02-23T21:32:30","slug":"fullscreen-menu","status":"publish","type":"page","link":"https:\/\/www.loudhill.com.br\/","title":{"rendered":"Fullscreen menu"},"content":{"rendered":"<div class=\"wpb-content-wrapper\"><p>[vc_row full_width=&#8221;stretch_row_content_no_spaces&#8221;][vc_column]<div class=\"banner-area banner-area-59a6cd0d903aa external-indent banner-color-inherit\" data-settings=\"{&quot;loop&quot;:true,&quot;speed&quot;:5000,&quot;autoplay&quot;:{&quot;delay&quot;:6000,&quot;disableOnInteraction&quot;:false,&quot;pauseOnMouseEnter&quot;:true},&quot;arrows&quot;:true,&quot;dots&quot;:true,&quot;dots_position&quot;:&quot;right-bottom&quot;,&quot;animation&quot;:&quot;&quot;}\"><div class=\"banner-social-buttons\"><div class=\"links\"><a href=\"https:\/\/www.instagram.com\/loudhill\/\" class=\"item\" target=\"_blank\" rel=\"noopener\"><i class=\"fab fa-instagram\"><\/i><span>Instagram<\/span><\/a><a href=\"http:\/\/wa.me\/5513997022615\" class=\"item\" target=\"_blank\" rel=\"noopener\"><i class=\"fab fa-whatsapp\"><\/i><span>Whatsapp<\/span><\/a><\/div><\/div><div class=\"banner-categories vertical-align-bottom text-align-left\"><div class=\"item\"><a href=\"https:\/\/www.loudhill.com.br\/rustdesk.exe\" target=\"_self\" style=\"background-image: url(https:\/\/www.loudhill.com.br\/wp-content\/uploads\/2025\/10\/Suporte_Remoto_EMPRESARIAL_LOUDHILL.png);\"><span><span class=\"num\"><\/span><span class=\"h\"><\/span><\/span><\/a><\/div><\/div><div class=\"banner-about content\"><div class=\"row\"><div class=\"text col-12\"><div class=\"wrap\"><div class=\"cell\"><div class=\"heading-decor\"><h3>Bem vindo \u00e0 LOUDHILL<\/h3><\/div><div class=\"text-p\">Conserto de computadores, servidores, venda de computadores e tamb\u00e9m oferecemos diversos servi\u00e7os de TI.<\/p>\n<p>A LOUDHILL \u00e9 especializada em servi\u00e7os gerenciados de TI, infraestrutura, consultoria e gerenciamento completo de redes e servidores desde 2001. Al\u00e9m disso, oferecemos suporte t\u00e9cnico helpdesk, solu\u00e7\u00f5es de backup em nuvem, seguran\u00e7a e backup de dados, bem como solu\u00e7\u00f5es home office com total seguran\u00e7a para empresas de todos os tamanhos, sejam elas pequenas, m\u00e9dias ou grandes.<\/p>\n<p>Contamos com uma Equipe Excepcional, com ampla experi\u00eancia em Solu\u00e7\u00f5es de Suporte T\u00e9cnico de TI para empresas e resid\u00eancias. Nosso compromisso \u00e9 assegurar que nossos clientes desfrutem de um atendimento de qualidade superior e alcancem resultados verdadeiramente excepcionais.<\/div><\/div><\/div><div class=\"bg-word\">EMPRESA<\/div><\/div><\/div><\/div><div class=\"banner-right-buttons\"><div class=\"cell\"><div class=\"button category\"><span class=\"h\">\u00c1rea Cliente<\/span><span class=\"close\"><i class=\"basic-ui-icon-cancel\"><\/i>Fechar<\/span><\/div><div class=\"button about\"><span class=\"h\">EMPRESA<\/span><span class=\"close\"><i class=\"basic-ui-icon-cancel\"><\/i>Fechar<\/span><\/div><\/div><\/div><div class=\"banner banner-59a6cd0d903aa  arrows-right-bottom pagination-right-bottom\" style=\" --transition-speed: 7000ms;\"><div class=\"swiper\"><div class=\"swiper-wrapper\"><div class=\"item swiper-slide banner-item-59a6cd153c2d5 tal white\">\n      <div class=\"bg-image\" style=\"\"><\/div>\n      \n    <div class=\"bg-overlay\">\n              <div class=\"video-wrap\"><video class=\"video\" playsinline muted loop src=\"https:\/\/www.loudhill.com.br\/wp-content\/uploads\/2025\/10\/Video-01-LOUDHILL-FABRICA.mp4\" type=\"video\/mp4\" preload=\"none\"><\/video><\/div>                  <\/div>\n\n    \n      \n      <div class=\"container\">\n        <div class=\"cell bottom\">\n          \n          \n          \n          \n        <\/div>\n      <\/div>\n    <\/div><div class=\"item swiper-slide banner-item-59a7b79234f98 tal white\">\n      <div class=\"bg-image\" style=\"\"><\/div>\n      \n    <div class=\"bg-overlay\">\n              <div class=\"video-wrap\"><video class=\"video\" playsinline muted loop src=\"https:\/\/www.loudhill.com.br\/wp-content\/uploads\/2025\/10\/Video-0333-LOUDHILL-FABRICA.mp4\" type=\"video\/mp4\" preload=\"none\"><\/video><\/div>                  <\/div>\n\n    \n      \n      <div class=\"container\">\n        <div class=\"cell bottom \">\n          \n          \n          \n          \n        <\/div>\n      <\/div>\n    <\/div><\/div><\/div><div class=\"owl-nav\"><div class=\"owl-prev basic-ui-icon-left-arrow\"><\/div><div class=\"owl-next basic-ui-icon-right-arrow\"><\/div><\/div><div class=\"owl-dots\"><\/div><\/div><\/div>[\/vc_column][\/vc_row]<\/p>\n<\/div>","protected":false},"excerpt":{"rendered":"<p>[vc_row full_width=&#8221;stretch_row_content_no_spaces&#8221;][vc_column][\/vc_column][\/vc_row]<\/p>\n","protected":false},"author":1,"featured_media":0,"parent":0,"menu_order":0,"comment_status":"closed","ping_status":"closed","template":"template-landing.php","meta":{"_acf_changed":false,"footnotes":""},"class_list":["post-944","page","type-page","status-publish","hentry"],"acf":[],"_links":{"self":[{"href":"https:\/\/www.loudhill.com.br\/index.php?rest_route=\/wp\/v2\/pages\/944","targetHints":{"allow":["GET"]}}],"collection":[{"href":"https:\/\/www.loudhill.com.br\/index.php?rest_route=\/wp\/v2\/pages"}],"about":[{"href":"https:\/\/www.loudhill.com.br\/index.php?rest_route=\/wp\/v2\/types\/page"}],"author":[{"embeddable":true,"href":"https:\/\/www.loudhill.com.br\/index.php?rest_route=\/wp\/v2\/users\/1"}],"replies":[{"embeddable":true,"href":"https:\/\/www.loudhill.com.br\/index.php?rest_route=%2Fwp%2Fv2%2Fcomments&post=944"}],"version-history":[{"count":45,"href":"https:\/\/www.loudhill.com.br\/index.php?rest_route=\/wp\/v2\/pages\/944\/revisions"}],"predecessor-version":[{"id":4514,"href":"https:\/\/www.loudhill.com.br\/index.php?rest_route=\/wp\/v2\/pages\/944\/revisions\/4514"}],"wp:attachment":[{"href":"https:\/\/www.loudhill.com.br\/index.php?rest_route=%2Fwp%2Fv2%2Fmedia&parent=944"}],"curies":[{"name":"wp","href":"https:\/\/api.w.org\/{rel}","templated":true}]}}